{"id":1046,"date":"2025-08-18T07:48:44","date_gmt":"2025-08-18T04:48:44","guid":{"rendered":"https:\/\/pepech.com\/?post_type=product&#038;p=1046"},"modified":"2026-01-25T04:41:22","modified_gmt":"2026-01-25T01:41:22","slug":"bromelain","status":"publish","type":"product","link":"https:\/\/pepech.com\/en\/bromelain\/","title":{"rendered":"Bromelain"},"content":{"rendered":"<ul>\n<li>1000 mg Bromelain (with high enzyme activity)<\/li>\n<li>Supporting ingredients: Green Tea Extract, Quercetin, Dandelion Extract, Vitamin B6, Black Pepper Extract, Chromium Picolinate<\/li>\n<li>Multi-functional formulation: a combination that supports digestion, metabolism, and energy processes<\/li>\n<li>Enhanced bioavailability: Formulation absorption is supported by black pepper extract (BioPerine effect)<\/li>\n<li>Manufactured under GMP and ISO quality standards<\/li>\n<\/ul>\n","protected":false},"excerpt":{"rendered":"<p>Saf ve g\u00fc\u00e7l\u00fc hammaddelerle geli\u015ftirilen bu \u00f6zel form\u00fcl, beslenme ve metabolizma s\u00fcre\u00e7lerinin normal i\u015fleyi\u015fine katk\u0131 sa\u011flayacak \u015fekilde tasarlanm\u0131\u015ft\u0131r.<\/p>\n","protected":false},"featured_media":1357,"template":"","meta":[],"product_brand":[54],"product_cat":[68],"product_tag":[],"class_list":{"0":"post-1046","1":"product","2":"type-product","3":"status-publish","4":"has-post-thumbnail","6":"product_brand-pepech","7":"product_cat-uncategorized","9":"first","10":"instock","11":"taxable","12":"shipping-taxable","13":"purchasable","14":"product-type-simple"},"acf":[],"_links":{"self":[{"href":"https:\/\/pepech.com\/en\/wp-json\/wp\/v2\/product\/1046","targetHints":{"allow":["GET"]}}],"collection":[{"href":"https:\/\/pepech.com\/en\/wp-json\/wp\/v2\/product"}],"about":[{"href":"https:\/\/pepech.com\/en\/wp-json\/wp\/v2\/types\/product"}],"wp:featuredmedia":[{"embeddable":true,"href":"https:\/\/pepech.com\/en\/wp-json\/wp\/v2\/media\/1357"}],"wp:attachment":[{"href":"https:\/\/pepech.com\/en\/wp-json\/wp\/v2\/media?parent=1046"}],"wp:term":[{"taxonomy":"product_brand","embeddable":true,"href":"https:\/\/pepech.com\/en\/wp-json\/wp\/v2\/product_brand?post=1046"},{"taxonomy":"product_cat","embeddable":true,"href":"https:\/\/pepech.com\/en\/wp-json\/wp\/v2\/product_cat?post=1046"},{"taxonomy":"product_tag","embeddable":true,"href":"https:\/\/pepech.com\/en\/wp-json\/wp\/v2\/product_tag?post=1046"}],"curies":[{"name":"wp","href":"https:\/\/api.w.org\/{rel}","templated":true}]}}